{"id":50,"date":"2022-07-11T19:00:50","date_gmt":"2022-07-11T19:00:50","guid":{"rendered":"https:\/\/staging-hub.liquid-themes.com\/starthubfour\/?page_id=50"},"modified":"2023-09-13T22:04:16","modified_gmt":"2023-09-13T22:04:16","slug":"privacy_policy","status":"publish","type":"page","link":"https:\/\/graffos.es\/es\/privacy_policy\/","title":{"rendered":"Pol\u00edtica de privacidad"},"content":{"rendered":"<div data-elementor-type=\"wp-page\" data-elementor-id=\"50\" class=\"elementor elementor-50\">\n\t\t\t\t\t\t\t\t\t<section class=\"elementor-section elementor-top-section elementor-element elementor-element-32d75fcd elementor-section-boxed elementor-section-height-default elementor-section-height-default\" data-id=\"32d75fcd\" data-element_type=\"section\">\n\t\t\t\t\t\t<div class=\"elementor-container elementor-column-gap-default\">\n\t\t\t\t\t<div class=\"elementor-column elementor-col-100 elementor-top-column elementor-element elementor-element-54e5b6a\" data-id=\"54e5b6a\" data-element_type=\"column\">\n\t\t\t<div class=\"elementor-widget-wrap elementor-element-populated\">\n\t\t\t\t\t\t\t\t<div class=\"elementor-element elementor-element-644eba02 elementor-widget elementor-widget-text-editor\" data-id=\"644eba02\" data-element_type=\"widget\" data-widget_type=\"text-editor.default\">\n\t\t\t\t<div class=\"elementor-widget-container\">\n\t\t\t<style>\/*! elementor - v3.16.0 - 20-09-2023 *\/\n.elementor-widget-text-editor.elementor-drop-cap-view-stacked .elementor-drop-cap{background-color:#69727d;color:#fff}.elementor-widget-text-editor.elementor-drop-cap-view-framed .elementor-drop-cap{color:#69727d;border:3px solid;background-color:transparent}.elementor-widget-text-editor:not(.elementor-drop-cap-view-default) .elementor-drop-cap{margin-top:8px}.elementor-widget-text-editor:not(.elementor-drop-cap-view-default) .elementor-drop-cap-letter{width:1em;height:1em}.elementor-widget-text-editor .elementor-drop-cap{float:left;text-align:center;line-height:1;font-size:50px}.elementor-widget-text-editor .elementor-drop-cap-letter{display:inline-block}<\/style>\t\t\t\t<p><!-- wp:paragraph --><\/p>\n<p>\u00a0<\/p>\n<p>\u00a0<\/p>\n<p>\u00a0<\/p>\n<p><!-- \/wp:paragraph --><\/p>\n<p><!-- wp:paragraph --><\/p>\n<h2>Pol\u00edtica de Privacidad de\u00a0<span class=\"website_url\">Graffos.es<\/span><\/h2>\n<p><!-- \/wp:paragraph --><\/p>\n<p><!-- wp:paragraph --><\/p>\n<p>En Graffos, recogemos y gestionamos los datos de los usuarios de acuerdo con la siguiente Pol\u00edtica de Privacidad.<\/p>\n<p>Datos Recogidos<br \/>Recogemos la informaci\u00f3n que usted nos proporciona directamente. Por ejemplo, recopilamos informaci\u00f3n cuando usted crea una cuenta, se suscribe, participa en cualquier funci\u00f3n interactiva de nuestros servicios, rellena un formulario, solicita asistencia al cliente o se comunica con nosotros de cualquier otra forma. El tipo de informaci\u00f3n que podemos recopilar incluye su nombre, direcci\u00f3n de correo electr\u00f3nico, direcci\u00f3n postal, datos de su tarjeta de cr\u00e9dito y otros datos de contacto o identificaci\u00f3n que usted decida facilitarnos.<\/p>\n<p>Recopilamos datos an\u00f3nimos de todos los visitantes del sitio web para controlar el tr\u00e1fico y corregir errores. Por ejemplo, recopilamos informaci\u00f3n como las solicitudes web, los datos enviados en respuesta a dichas solicitudes, la direcci\u00f3n de protocolo de Internet, el tipo de navegador, el idioma del navegador y una marca de tiempo para la solicitud.<\/p>\n<p>Tambi\u00e9n utilizamos diversas tecnolog\u00edas para recopilar informaci\u00f3n, y esto puede incluir el env\u00edo de cookies a su ordenador.Las cookies son peque\u00f1os archivos de datos almacenados en su disco duro o en la memoria de su dispositivo que nos ayudan a mejorar nuestros servicios y su experiencia, ver qu\u00e9 \u00e1reas y caracter\u00edsticas de nuestros servicios son populares y contar las visitas. Tambi\u00e9n podemos recopilar informaci\u00f3n utilizando balizas web (tambi\u00e9n conocidas como \"p\u00edxeles de seguimiento\"). Las balizas web son im\u00e1genes electr\u00f3nicas que pueden utilizarse en nuestros servicios o mensajes de correo electr\u00f3nico y para realizar un seguimiento del recuento de visitas o comprender el uso y la eficacia de las campa\u00f1as.<\/p>\n<p>Utilizaci\u00f3n de los Datos<br \/>S\u00f3lo utilizamos su informaci\u00f3n personal para proporcionarle los servicios de Graffos o para comunicarnos con usted en relaci\u00f3n con el Sitio Web o los servicios. Nuestra Pol\u00edtica de Privacidad fue creada con la ayuda de la Plantilla de Pol\u00edtica de Privacidad y la Plantilla de T\u00e9rminos y Condiciones.<\/p>\n<p>Empleamos t\u00e9cnicas est\u00e1ndar del sector para proteger contra el acceso no autorizado a los datos sobre usted que almacenamos, incluida la informaci\u00f3n personal.<\/p>\n<p>No compartimos la informaci\u00f3n personal que nos ha proporcionado sin su consentimiento, a menos que:<\/p>\n<p>Hacerlo es apropiado para llevar a cabo su propia petici\u00f3n<br \/>Creemos que es necesario para hacer cumplir nuestros acuerdos legales o que es legalmente requerido<br \/>Creemos que es necesario para detectar, prevenir o resolver fraudes, problemas de seguridad o t\u00e9cnicos.<br \/>Compartir Datos<br \/>No compartimos su informaci\u00f3n personal con terceros. Los datos agregados y anonimizados se transmiten peri\u00f3dicamente a servicios externos para ayudarnos a mejorar el sitio web y el servicio.<\/p>\n<p>Podemos permitir que terceros presten servicios anal\u00edticos.Estos terceros pueden utilizar cookies, balizas web y otras tecnolog\u00edas para recopilar informaci\u00f3n sobre su uso de los servicios y otros sitios web, incluida su direcci\u00f3n IP, navegador web, p\u00e1ginas visitadas, tiempo de permanencia en las p\u00e1ginas, enlaces pulsados e informaci\u00f3n de conversi\u00f3n.<\/p>\n<p>Tambi\u00e9n utilizamos botones sociales proporcionados por servicios como Twitter, Google+, Linkedin y Facebook. El uso de estos servicios de terceros es completamente opcional. No somos responsables de las pol\u00edticas y\/o pr\u00e1cticas de privacidad de estos servicios de terceros, y usted es responsable de leer y comprender las pol\u00edticas de privacidad de esos servicios terceros.<\/p>\n<p>Exclusi\u00f3n voluntaria, Preferencias de Comunicaci\u00f3n.<br \/>Puede modificar sus preferencias de comunicaci\u00f3n y\/u optar por no recibir comunicaciones espec\u00edficas en cualquier momento. Por favor especifique y ajuste sus preferencias.<\/p>\n<p>Seguridad<br \/>Tomamos medidas razonables para proteger la informaci\u00f3n de identificaci\u00f3n personal contra p\u00e9rdida, mal uso y acceso no autorizado, divulgaci\u00f3n, alteraci\u00f3n o destrucci\u00f3n. Pero debe tener en cuenta que ninguna transmisi\u00f3n por internet es completamente segura o est\u00e1 libre de errores. En particular, es posible que el correo enviado hacia o desde los sitios web que no sean seguros.<\/p>\n<p>Cambios en la Pol\u00edtica de Privacidad.<br \/>Podemos modificar esta Pol\u00edtica de Privacidad de vez en cuando. El uso de la informaci\u00f3n que recopilamos ahora est\u00e1 sujeto a la Pol\u00edtica de Privacidad vigente en el momento en que se utiliza dicha informaci\u00f3n.<\/p>\n<p>Si realizamos cambios importantes en la forma en que recopilamos o utilizamos la informaci\u00f3n, se lo notificaremos publicando un anuncio en el sitio web o envi\u00e1ndole un correo electr\u00f3nico.<\/p>\n<p>\u00a0<\/p>\n<p><!-- \/wp:paragraph --><\/p>\t\t\t\t\t\t<\/div>\n\t\t\t\t<\/div>\n\t\t\t\t\t<\/div>\n\t\t<\/div>\n\t\t\t\t\t\t\t<\/div>\n\t\t<\/section>\n\t\t\t\t\t\t\t<\/div>","protected":false},"excerpt":{"rendered":"<p>\u00a0 \u00a0 \u00a0 Privacy Policy of\u00a0Graffos.es At Graffos, we collect and manage user data according to the following Privacy Policy. Data CollectedWe collect information you provide directly to us. For example, we collect information when you create an account, subscribe, participate in any interactive features of our services, fill out a form, request customer support [&hellip;]<\/p>","protected":false},"author":1,"featured_media":0,"parent":0,"menu_order":0,"comment_status":"closed","ping_status":"closed","template":"","meta":{"_joinchat":[],"footnotes":""},"class_list":["post-50","page","type-page","status-publish","hentry"],"_links":{"self":[{"href":"https:\/\/graffos.es\/es\/wp-json\/wp\/v2\/pages\/50","targetHints":{"allow":["GET"]}}],"collection":[{"href":"https:\/\/graffos.es\/es\/wp-json\/wp\/v2\/pages"}],"about":[{"href":"https:\/\/graffos.es\/es\/wp-json\/wp\/v2\/types\/page"}],"author":[{"embeddable":true,"href":"https:\/\/graffos.es\/es\/wp-json\/wp\/v2\/users\/1"}],"replies":[{"embeddable":true,"href":"https:\/\/graffos.es\/es\/wp-json\/wp\/v2\/comments?post=50"}],"version-history":[{"count":7,"href":"https:\/\/graffos.es\/es\/wp-json\/wp\/v2\/pages\/50\/revisions"}],"predecessor-version":[{"id":9665,"href":"https:\/\/graffos.es\/es\/wp-json\/wp\/v2\/pages\/50\/revisions\/9665"}],"wp:attachment":[{"href":"https:\/\/graffos.es\/es\/wp-json\/wp\/v2\/media?parent=50"}],"curies":[{"name":"wp","href":"https:\/\/api.w.org\/{rel}","templated":true}]}}